{"id":5229,"date":"2025-04-25T12:26:23","date_gmt":"2025-04-25T12:26:23","guid":{"rendered":"https:\/\/taju.co\/taju-journey-a14\/"},"modified":"2025-07-11T08:44:05","modified_gmt":"2025-07-11T08:44:05","slug":"taju-journey-a14","status":"publish","type":"page","link":"https:\/\/taju.co\/en\/taju-journey-a14\/","title":{"rendered":"Taju Journey (A14)"},"content":{"rendered":"","protected":false},"excerpt":{"rendered":"","protected":false},"author":5,"featured_media":0,"parent":0,"menu_order":0,"comment_status":"closed","ping_status":"closed","template":"templates\/TEMPLATE-text.php","meta":{"_acf_changed":false,"footnotes":""},"categories":[],"tags":[],"class_list":["post-5229","page","type-page","status-publish","hentry"],"acf":[],"yoast_head":"<!-- This site is optimized with the Yoast SEO plugin v26.8 - https:\/\/yoast.com\/product\/yoast-seo-wordpress\/ -->\n<title>Taju Journey (A14) - Taju<\/title>\n<meta name=\"description\" content=\"Kutsume Sind Taju r\u00e4nnakule, mis kulgeb l\u00e4bi p\u00f5listalukoha p\u00e4randmaastiku.\" \/>\n<meta name=\"robots\" content=\"noindex, nofollow\" \/>\n<meta property=\"og:locale\" content=\"en_US\" \/>\n<meta property=\"og:type\" content=\"article\" \/>\n<meta property=\"og:title\" content=\"Taju Journey (A14) - Taju\" \/>\n<meta property=\"og:description\" content=\"Kutsume Sind Taju r\u00e4nnakule, mis kulgeb l\u00e4bi p\u00f5listalukoha p\u00e4randmaastiku.\" \/>\n<meta property=\"og:url\" content=\"https:\/\/taju.co\/en\/taju-journey-a14\/\" \/>\n<meta property=\"og:site_name\" content=\"Taju\" \/>\n<meta property=\"article:modified_time\" content=\"2025-07-11T08:44:05+00:00\" \/>\n<meta name=\"twitter:card\" content=\"summary_large_image\" \/>\n<script type=\"application\/ld+json\" class=\"yoast-schema-graph\">{\"@context\":\"https:\/\/schema.org\",\"@graph\":[{\"@type\":\"WebPage\",\"@id\":\"https:\/\/taju.co\/en\/taju-journey-a14\/\",\"url\":\"https:\/\/taju.co\/en\/taju-journey-a14\/\",\"name\":\"Taju Journey (A14) - Taju\",\"isPartOf\":{\"@id\":\"https:\/\/taju.co\/#website\"},\"datePublished\":\"2025-04-25T12:26:23+00:00\",\"dateModified\":\"2025-07-11T08:44:05+00:00\",\"description\":\"Kutsume Sind Taju r\u00e4nnakule, mis kulgeb l\u00e4bi p\u00f5listalukoha p\u00e4randmaastiku.\",\"breadcrumb\":{\"@id\":\"https:\/\/taju.co\/en\/taju-journey-a14\/#breadcrumb\"},\"inLanguage\":\"en-US\",\"potentialAction\":[{\"@type\":\"ReadAction\",\"target\":[\"https:\/\/taju.co\/en\/taju-journey-a14\/\"]}]},{\"@type\":\"BreadcrumbList\",\"@id\":\"https:\/\/taju.co\/en\/taju-journey-a14\/#breadcrumb\",\"itemListElement\":[{\"@type\":\"ListItem\",\"position\":1,\"name\":\"Home\",\"item\":\"https:\/\/taju.co\/en\/\"},{\"@type\":\"ListItem\",\"position\":2,\"name\":\"Taju Journey (A14)\"}]},{\"@type\":\"WebSite\",\"@id\":\"https:\/\/taju.co\/#website\",\"url\":\"https:\/\/taju.co\/\",\"name\":\"Taju\",\"description\":\"\",\"potentialAction\":[{\"@type\":\"SearchAction\",\"target\":{\"@type\":\"EntryPoint\",\"urlTemplate\":\"https:\/\/taju.co\/?s={search_term_string}\"},\"query-input\":{\"@type\":\"PropertyValueSpecification\",\"valueRequired\":true,\"valueName\":\"search_term_string\"}}],\"inLanguage\":\"en-US\"}]}<\/script>\n<!-- \/ Yoast SEO plugin. -->","yoast_head_json":{"title":"Taju Journey (A14) - Taju","description":"Kutsume Sind Taju r\u00e4nnakule, mis kulgeb l\u00e4bi p\u00f5listalukoha p\u00e4randmaastiku.","robots":{"index":"noindex","follow":"nofollow"},"og_locale":"en_US","og_type":"article","og_title":"Taju Journey (A14) - Taju","og_description":"Kutsume Sind Taju r\u00e4nnakule, mis kulgeb l\u00e4bi p\u00f5listalukoha p\u00e4randmaastiku.","og_url":"https:\/\/taju.co\/en\/taju-journey-a14\/","og_site_name":"Taju","article_modified_time":"2025-07-11T08:44:05+00:00","twitter_card":"summary_large_image","schema":{"@context":"https:\/\/schema.org","@graph":[{"@type":"WebPage","@id":"https:\/\/taju.co\/en\/taju-journey-a14\/","url":"https:\/\/taju.co\/en\/taju-journey-a14\/","name":"Taju Journey (A14) - Taju","isPartOf":{"@id":"https:\/\/taju.co\/#website"},"datePublished":"2025-04-25T12:26:23+00:00","dateModified":"2025-07-11T08:44:05+00:00","description":"Kutsume Sind Taju r\u00e4nnakule, mis kulgeb l\u00e4bi p\u00f5listalukoha p\u00e4randmaastiku.","breadcrumb":{"@id":"https:\/\/taju.co\/en\/taju-journey-a14\/#breadcrumb"},"inLanguage":"en-US","potentialAction":[{"@type":"ReadAction","target":["https:\/\/taju.co\/en\/taju-journey-a14\/"]}]},{"@type":"BreadcrumbList","@id":"https:\/\/taju.co\/en\/taju-journey-a14\/#breadcrumb","itemListElement":[{"@type":"ListItem","position":1,"name":"Home","item":"https:\/\/taju.co\/en\/"},{"@type":"ListItem","position":2,"name":"Taju Journey (A14)"}]},{"@type":"WebSite","@id":"https:\/\/taju.co\/#website","url":"https:\/\/taju.co\/","name":"Taju","description":"","potentialAction":[{"@type":"SearchAction","target":{"@type":"EntryPoint","urlTemplate":"https:\/\/taju.co\/?s={search_term_string}"},"query-input":{"@type":"PropertyValueSpecification","valueRequired":true,"valueName":"search_term_string"}}],"inLanguage":"en-US"}]}},"_links":{"self":[{"href":"https:\/\/taju.co\/en\/wp-json\/wp\/v2\/pages\/5229","targetHints":{"allow":["GET"]}}],"collection":[{"href":"https:\/\/taju.co\/en\/wp-json\/wp\/v2\/pages"}],"about":[{"href":"https:\/\/taju.co\/en\/wp-json\/wp\/v2\/types\/page"}],"author":[{"embeddable":true,"href":"https:\/\/taju.co\/en\/wp-json\/wp\/v2\/users\/5"}],"replies":[{"embeddable":true,"href":"https:\/\/taju.co\/en\/wp-json\/wp\/v2\/comments?post=5229"}],"version-history":[{"count":1,"href":"https:\/\/taju.co\/en\/wp-json\/wp\/v2\/pages\/5229\/revisions"}],"predecessor-version":[{"id":5242,"href":"https:\/\/taju.co\/en\/wp-json\/wp\/v2\/pages\/5229\/revisions\/5242"}],"wp:attachment":[{"href":"https:\/\/taju.co\/en\/wp-json\/wp\/v2\/media?parent=5229"}],"wp:term":[{"taxonomy":"category","embeddable":true,"href":"https:\/\/taju.co\/en\/wp-json\/wp\/v2\/categories?post=5229"},{"taxonomy":"post_tag","embeddable":true,"href":"https:\/\/taju.co\/en\/wp-json\/wp\/v2\/tags?post=5229"}],"curies":[{"name":"wp","href":"https:\/\/api.w.org\/{rel}","templated":true}]}}