{"id":6074,"date":"2026-05-06T10:49:16","date_gmt":"2026-05-06T08:49:16","guid":{"rendered":"https:\/\/taju.co\/roheline-voti\/"},"modified":"2026-05-13T17:03:05","modified_gmt":"2026-05-13T15:03:05","slug":"roheline-voti","status":"publish","type":"page","link":"https:\/\/taju.co\/ru\/roheline-voti\/","title":{"rendered":"Roheline v\u00f5ti"},"content":{"rendered":"","protected":false},"excerpt":{"rendered":"","protected":false},"author":5,"featured_media":0,"parent":0,"menu_order":0,"comment_status":"closed","ping_status":"closed","template":"","meta":{"_acf_changed":false,"footnotes":""},"categories":[],"tags":[],"class_list":["post-6074","page","type-page","status-publish","hentry"],"acf":[],"yoast_head":"<!-- This site is optimized with the Yoast SEO plugin v26.8 - https:\/\/yoast.com\/product\/yoast-seo-wordpress\/ -->\n<title>Roheline v\u00f5ti - Taju<\/title>\n<meta name=\"description\" content=\"Kestliku k\u00fclalislahkuse loomine on kestev teekond, millel puudub sihtpunkt. Eesm\u00e4rk on olla iga p\u00e4ev eelmisest veidi teadlikum ja oskuslikum.\" \/>\n<meta name=\"robots\" content=\"index, follow, max-snippet:-1, max-image-preview:large, max-video-preview:-1\" \/>\n<link rel=\"canonical\" href=\"https:\/\/taju.co\/ru\/roheline-voti\/\" \/>\n<meta property=\"og:locale\" content=\"ru_RU\" \/>\n<meta property=\"og:type\" content=\"article\" \/>\n<meta property=\"og:title\" content=\"Roheline v\u00f5ti - Taju\" \/>\n<meta property=\"og:description\" content=\"Kestliku k\u00fclalislahkuse loomine on kestev teekond, millel puudub sihtpunkt. Eesm\u00e4rk on olla iga p\u00e4ev eelmisest veidi teadlikum ja oskuslikum.\" \/>\n<meta property=\"og:url\" content=\"https:\/\/taju.co\/ru\/roheline-voti\/\" \/>\n<meta property=\"og:site_name\" content=\"Taju\" \/>\n<meta property=\"article:modified_time\" content=\"2026-05-13T15:03:05+00:00\" \/>\n<meta name=\"twitter:card\" content=\"summary_large_image\" \/>\n<script type=\"application\/ld+json\" class=\"yoast-schema-graph\">{\"@context\":\"https:\/\/schema.org\",\"@graph\":[{\"@type\":\"WebPage\",\"@id\":\"https:\/\/taju.co\/ru\/roheline-voti\/\",\"url\":\"https:\/\/taju.co\/ru\/roheline-voti\/\",\"name\":\"Roheline v\u00f5ti - Taju\",\"isPartOf\":{\"@id\":\"https:\/\/taju.co\/#website\"},\"datePublished\":\"2026-05-06T08:49:16+00:00\",\"dateModified\":\"2026-05-13T15:03:05+00:00\",\"description\":\"Kestliku k\u00fclalislahkuse loomine on kestev teekond, millel puudub sihtpunkt. Eesm\u00e4rk on olla iga p\u00e4ev eelmisest veidi teadlikum ja oskuslikum.\",\"breadcrumb\":{\"@id\":\"https:\/\/taju.co\/ru\/roheline-voti\/#breadcrumb\"},\"inLanguage\":\"ru-RU\",\"potentialAction\":[{\"@type\":\"ReadAction\",\"target\":[\"https:\/\/taju.co\/ru\/roheline-voti\/\"]}]},{\"@type\":\"BreadcrumbList\",\"@id\":\"https:\/\/taju.co\/ru\/roheline-voti\/#breadcrumb\",\"itemListElement\":[{\"@type\":\"ListItem\",\"position\":1,\"name\":\"Home\",\"item\":\"https:\/\/taju.co\/ru\/\"},{\"@type\":\"ListItem\",\"position\":2,\"name\":\"Roheline v\u00f5ti\"}]},{\"@type\":\"WebSite\",\"@id\":\"https:\/\/taju.co\/#website\",\"url\":\"https:\/\/taju.co\/\",\"name\":\"Taju\",\"description\":\"\",\"potentialAction\":[{\"@type\":\"SearchAction\",\"target\":{\"@type\":\"EntryPoint\",\"urlTemplate\":\"https:\/\/taju.co\/?s={search_term_string}\"},\"query-input\":{\"@type\":\"PropertyValueSpecification\",\"valueRequired\":true,\"valueName\":\"search_term_string\"}}],\"inLanguage\":\"ru-RU\"}]}<\/script>\n<!-- \/ Yoast SEO plugin. -->","yoast_head_json":{"title":"Roheline v\u00f5ti - Taju","description":"Kestliku k\u00fclalislahkuse loomine on kestev teekond, millel puudub sihtpunkt. Eesm\u00e4rk on olla iga p\u00e4ev eelmisest veidi teadlikum ja oskuslikum.","robots":{"index":"index","follow":"follow","max-snippet":"max-snippet:-1","max-image-preview":"max-image-preview:large","max-video-preview":"max-video-preview:-1"},"canonical":"https:\/\/taju.co\/ru\/roheline-voti\/","og_locale":"ru_RU","og_type":"article","og_title":"Roheline v\u00f5ti - Taju","og_description":"Kestliku k\u00fclalislahkuse loomine on kestev teekond, millel puudub sihtpunkt. Eesm\u00e4rk on olla iga p\u00e4ev eelmisest veidi teadlikum ja oskuslikum.","og_url":"https:\/\/taju.co\/ru\/roheline-voti\/","og_site_name":"Taju","article_modified_time":"2026-05-13T15:03:05+00:00","twitter_card":"summary_large_image","schema":{"@context":"https:\/\/schema.org","@graph":[{"@type":"WebPage","@id":"https:\/\/taju.co\/ru\/roheline-voti\/","url":"https:\/\/taju.co\/ru\/roheline-voti\/","name":"Roheline v\u00f5ti - Taju","isPartOf":{"@id":"https:\/\/taju.co\/#website"},"datePublished":"2026-05-06T08:49:16+00:00","dateModified":"2026-05-13T15:03:05+00:00","description":"Kestliku k\u00fclalislahkuse loomine on kestev teekond, millel puudub sihtpunkt. Eesm\u00e4rk on olla iga p\u00e4ev eelmisest veidi teadlikum ja oskuslikum.","breadcrumb":{"@id":"https:\/\/taju.co\/ru\/roheline-voti\/#breadcrumb"},"inLanguage":"ru-RU","potentialAction":[{"@type":"ReadAction","target":["https:\/\/taju.co\/ru\/roheline-voti\/"]}]},{"@type":"BreadcrumbList","@id":"https:\/\/taju.co\/ru\/roheline-voti\/#breadcrumb","itemListElement":[{"@type":"ListItem","position":1,"name":"Home","item":"https:\/\/taju.co\/ru\/"},{"@type":"ListItem","position":2,"name":"Roheline v\u00f5ti"}]},{"@type":"WebSite","@id":"https:\/\/taju.co\/#website","url":"https:\/\/taju.co\/","name":"Taju","description":"","potentialAction":[{"@type":"SearchAction","target":{"@type":"EntryPoint","urlTemplate":"https:\/\/taju.co\/?s={search_term_string}"},"query-input":{"@type":"PropertyValueSpecification","valueRequired":true,"valueName":"search_term_string"}}],"inLanguage":"ru-RU"}]}},"_links":{"self":[{"href":"https:\/\/taju.co\/ru\/wp-json\/wp\/v2\/pages\/6074","targetHints":{"allow":["GET"]}}],"collection":[{"href":"https:\/\/taju.co\/ru\/wp-json\/wp\/v2\/pages"}],"about":[{"href":"https:\/\/taju.co\/ru\/wp-json\/wp\/v2\/types\/page"}],"author":[{"embeddable":true,"href":"https:\/\/taju.co\/ru\/wp-json\/wp\/v2\/users\/5"}],"replies":[{"embeddable":true,"href":"https:\/\/taju.co\/ru\/wp-json\/wp\/v2\/comments?post=6074"}],"version-history":[{"count":1,"href":"https:\/\/taju.co\/ru\/wp-json\/wp\/v2\/pages\/6074\/revisions"}],"predecessor-version":[{"id":6093,"href":"https:\/\/taju.co\/ru\/wp-json\/wp\/v2\/pages\/6074\/revisions\/6093"}],"wp:attachment":[{"href":"https:\/\/taju.co\/ru\/wp-json\/wp\/v2\/media?parent=6074"}],"wp:term":[{"taxonomy":"category","embeddable":true,"href":"https:\/\/taju.co\/ru\/wp-json\/wp\/v2\/categories?post=6074"},{"taxonomy":"post_tag","embeddable":true,"href":"https:\/\/taju.co\/ru\/wp-json\/wp\/v2\/tags?post=6074"}],"curies":[{"name":"wp","href":"https:\/\/api.w.org\/{rel}","templated":true}]}}